{"id":7209,"date":"2023-04-25T11:30:49","date_gmt":"2023-04-25T11:30:49","guid":{"rendered":"https:\/\/flex-power.energy\/?page_id=7209"},"modified":"2026-04-01T14:56:48","modified_gmt":"2026-04-01T14:56:48","slug":"technische-kennzahlen-batteriespeicher","status":"publish","type":"page","link":"https:\/\/flex-power.energy\/de\/school-of-flex\/technische-kennzahlen-batteriespeicher\/","title":{"rendered":"Technische Kennzahlen von Batteriespeichern"},"content":{"rendered":"<h1 style=\"\">Welche Kennzahlen gibt es f\u00fcr Batteriespeicher?<\/h1>\n<p>Kapazit\u00e4t und Leistung beschreiben die Gr\u00f6\u00dfenordnung eines Batteriespeichers. Doch es gibt noch eine Reihe weiterer Eigenschaften, die wichtig sind, um die Vermarktbarkeit und das Renditepotenzial von <a href=\"https:\/\/flex-power.energy\/de\/school-of-flex\/batteriespeicher\/\" style=\"outline: none;\">Batteriespeichern<\/a> zu kalkulieren. Dies sind die wichtigsten Kennzahlen.<\/p>\n<h2 id=\"t-1680424365469\">Definition<\/h2>\n<p>Kennzahlen von Batteriespeichern liefern wichtige Informationen \u00fcber die technischen Eigenschaften der Stromspeicher. Sie machen verschiedene Modelle untereinander vergleichbar und bieten wichtige Anhaltspunkte f\u00fcr die m\u00f6glichen <a href=\"https:\/\/flex-power.energy\/de\/school-of-flex\/batteriespeicher-energiemarkt\/\" style=\"outline: none;\">Einsatz- und Vermarktungsm\u00f6glichkeiten<\/a>. Investoren k\u00f6nnen sie daher zur <a href=\"https:\/\/flex-power.energy\/de\/energieblog\/modellierung-batterie-speicher-strommarkt\/\" style=\"outline: none;\">Sch\u00e4tzung ihrer Renditechancen<\/a> heranziehen.<\/p>\n<h2 id=\"t-1715852988884\">Kapazit\u00e4t<\/h2>\n<p>Die Kapazit\u00e4t gibt die Menge der nutzbaren Energie an, die eine Batterie speichern kann. Gemeint ist also die Energie, die ein Akku nach der Speicherung freigeben kann. Sie wird f\u00fcr gew\u00f6hnlich in Wattstunden (Wh) beziehungsweise mit den Einheitenpr\u00e4fixen Kilo- (kWh) oder Mega- (MWh) angegeben.<\/p>\n<h2 id=\"t-1738141439913\" style=\"text-align: center;\" data-hide=\"true\">Wir optimieren &amp; handeln Ihren Batteriespeicher<\/h2>\n<p style=\"text-align: left; color: var(--tcb-skin-color-4) !important; --tcb-applied-color: var$(--tcb-skin-color-4) !important;\"><span style=\"--tcb-applied-color: var$(--tcb-skin-color-4) !important;\"><span style=\"--tcb-applied-color: var$(--tcb-skin-color-4) !important;\"><span data-contrast=\"auto\" lang=\"EN-US\" style=\"--tcb-applied-color: var$(--tcb-skin-color-4) !important;\"><span data-contrast=\"auto\" lang=\"EN-US\" style=\"--tcb-applied-color: var$(--tcb-skin-color-4) !important;\">Unsere Expertise in der Optimierung und im Handel mit flexiblen und erneuerbaren Energien, kombiniert mit der l\u00e4ngsten Handelserfahrung auf deutschen Kurzfristm\u00e4rkten, garantiert Ihnen maximale Ertr\u00e4ge durch innovative Handelsstrategien. <br \/><\/span><\/span><\/span><\/span><\/p>\n<p> <a href=\"https:\/\/flex-power.energy\/de\/services\/batterievermarktung\/\" style=\"\"><span style=\"\">  <\/span> <span style=\"\"><span style=\"\" data-tcb_hover_state_parent=\"\">Mehr erfahren<\/span><\/span> <\/a>  <\/p>\n<h2 id=\"t-1680424365470\">Leistung<\/h2>\n<p>Die Leistung ist die Geschwindigkeit, mir der eine Batterie die gespeicherte Energie abgeben kann. Angegeben wird &#8211; wie bei der Kapazit\u00e4t das Maximum. Die g\u00e4ngige Ma\u00dfeinheit ist Watt (W) beziehungsweise eben die Vielfachen Kilowatt (1 kW = 1000 W) oder Megawatt (1 MW = 1000 kW).<\/p>\n<h2 id=\"t-1713097576435\">C-Rate<\/h2>\n<p>Die C-Rate gibt an, wie lange es dauert, eine Batterie vollst\u00e4ndig zu laden oder zu entladen. Zur Berechnung der C-Rate wird die Leistung durch die Kapazit\u00e4t geteilt. Wird beispielsweise eine vollst\u00e4ndig geladene Batterie mit einer Kapazit\u00e4t von 100 kWh mit 50 kW entladen, so dauert dieser Vorgang zwei Stunden, und die C-Rate betr\u00e4gt 0,5C oder C\/2.<\/p>\n<p>Als Spezifizierung einer Batterie gibt die C-Rate f\u00fcr gew\u00f6hnlich die maximale C-Rate an. Je h\u00f6her also diese Kennzahl ist, desto schneller kann die Batterie geladen und entladen werden. Das Laden und Entladen mit maximaler Leistung kann jedoch die Lebensdauer der Batterie verk\u00fcrzen. Die Wahl einer C-Rate unterhalb des Maximalwerts kann die Batterie sch\u00fctzen.<\/p>\n<p>Die maximale C-Rate h\u00e4ngt weitgehend von der verwendeten Technologie ab. Lithium-Ionen-Batterien k\u00f6nnen in der Regel h\u00f6here C-Raten liefern als Blei-S\u00e4ure-Batterien. Redox-Flow-Batterien k\u00f6nnen mit sehr niedrigen und sehr hohen C-Raten gebaut werden.<\/p>\n<p>Eine niedrige C-Rate ist in der Regel f\u00fcr die Mobilit\u00e4t wichtiger als f\u00fcr Batteriespeichersysteme, die zur Lastverschiebung, z. B. von Tag auf Nacht, eingesetzt werden.<\/p>\n<h2 id=\"t-1715852988885\">Wirkungsgrad und Effizienz<\/h2>\n<p>Der Wirkungsgrad gibt den Prozentsatz der nutzbaren Energie an, die nach einer oder mehreren Umwandlungsschritten noch in der erw\u00fcnschten Form verf\u00fcgbar ist. Wenn nicht anders angegeben, ist damit bei Batteriespeichern immer der elektrische Wirkungsgrad gemeint. (Bei Blockheizkraftwerken ist neben dem elektrischen auch der thermische Wirkungsgrad relevant.)<\/p>\n<p>Hat ein Lithium-Ionen-Akku einen Wirkungsgrad von 96 %, gibt er also von einer Kilowattstunde Strom, die er aufnimmt, 960 Wattstunden wieder ab. Ob ein Batteriespeicher seinen optimalen Wirkungsgrad tats\u00e4chlich erreicht, h\u00e4ngt ma\u00dfgeblich vom <a href=\"https:\/\/flex-power.energy\/de\/school-of-flex\/batteriespeicher-funktionen-komponenten\/\" style=\"outline: none;\">Batteriemanagementsystem (BMS)<\/a> ab.<\/p>\n<p>Bei vielen technischen Ger\u00e4te unterscheiden sich Effizienz und Wirkungsgrad. So h\u00e4ngt die Energieeffizienz eines E-Autos nicht nur von den Wirkungsgraden der technischen Teile (Akku, Motor etc.) ab, sondern auch von Faktoren wie Luftwiderstand, Bereifung und Fahrweise. Bei Batteriespeichern kann Selbstentladung (s.u.) die Energieeffizienz durch schm\u00e4lern. Ein \u00fcberdimensionierter Stromspeicher, dessen Kapazit\u00e4t und Leistung nur selten ober gar nie genutzt werden, ist in mehrerer Hinsicht ineffizient.<\/p>\n<h2 id=\"t-1715852988886\">Gesamtwirkungsgrad<\/h2>\n<p>Im Englischen wird zum Teil unterschieden zwischen Energy Conversion Efficiency und Round-trip Efficiency, wobei der erste Begriff verwendet wird, um den Wirkungsgrad jedes einzelnen Schrittes (zum Beispiel der Umspannungsprozesse beim Ein- und Ausspeichern) anzugeben. Round-trip Efficiency wird auf Deutsch auch Gesamtwirkungsgrad genannt.<\/p>\n<h2 id=\"t-1682415599093\">Lebensdauer<\/h2>\n<p>Nach einer branchen\u00fcblichen Definition hat ein Batteriespeicher das Ende der Lebensdauer erreicht, wenn seine tats\u00e4chliche Ladekapazit\u00e4t unter 80 % der urspr\u00fcnglichen Nennkapazit\u00e4t f\u00e4llt. Die Degradation h\u00e4ngt von zwei wesentlichen Faktoren ab:<\/p>\n<p>Die <strong>zyklische Alterung&nbsp;<\/strong>gibt an, wie h\u00e4ufig ein Batteriespeicher voraussichtlich vollst\u00e4ndig auf- und entladen werden kann, bevor er das Ende der Lebensdauer erreicht.<\/p>\n<p>Die <strong>kalendarische Alterung<\/strong> bezieht sich auf die Degradation, die unabh\u00e4ngig von der Nutzung entsteht, zum Beispiel durch Korrosion einzelner Komponenten. Umgebungsbedingungen wie Temperatur und Luftfeuchtigkeit k\u00f6nnen einen wesentlichen Einfluss auf die kalendarische Lebensdauer haben.<\/p>\n<h2 id=\"t-1682421268387\">Selbstentladungsrate<\/h2>\n<p>Geladene Akkumulatoren verlieren mit der Zeit Energie, auch wenn sie nicht genutzt werden. Die Selbstentladungsrate gibt an, wie viel Prozent der Energie innerhalb eines bestimmten Zeitraums (meist 1 Monat) unter welchen Bedingungen (meist 20 Grad Celsius) verloren geht. Temperatur und Ladestand k\u00f6nnen die Selbstentladungsrate beeinflussen, haupts\u00e4chlich h\u00e4ngt sie aber von der Technologie ab: Lithium-Ionen-Batterien beispielsweise haben eine geringere Selbstentladerate als Blei-Akkus. Eine niedrige Selbstentladungsrate sorgt f\u00fcr einen h\u00f6heren Gesamtwirkungsgrad.<\/p>\n<h2 id=\"t-1713097576430\">Temperaturbereich<\/h2>\n<p>Die optimale Betriebstemperatur der meisten Batteriespeicher liegt um die 20 Grad Celsius. Sie tolerieren aber Temperaturen zwischen 5 und 30 Grad Celsius. Manche Technologien sind temperaturtoleranter als andere. Je nach Klima kann dies f\u00fcr die Wahl entscheidend sein.&nbsp;<\/p>\n<h2 id=\"t-1713097576432\">Spannungsbereich<\/h2>\n<p>Diese Kennzahl gibt den Wert der elektrischen Spannung (Volt) des Stroms an, den der Batterie sicher und effizient speichern und abgeben kann. Der Spannungsbereich eines Akkumulators h\u00e4ngt ma\u00dfgeblich von der Speichertechnologie und der Leistungselektronik ab.<\/p>\n<h2 id=\"t-1713097576433\">Energiedichte<\/h2>\n<p>Zwei Arten von Energiedichten sind zu unterscheiden: Die <strong>volumetrische Energiedichte <\/strong>gibt das Verh\u00e4ltnis von Speicherkapazit\u00e4t (s.o.) zum Volumen der Batterie an, eine m\u00f6gliche Ma\u00dfangabe w\u00e4re also Kilowattsunden pro Liter (kWh\/L) oder Megawattstunden pro Kubikmeter (MWh\/m\u00b3). Die <strong>gravimetrische Energiedichte <\/strong>gibt die Kapazit\u00e4t im Verh\u00e4ltnis zum Gewicht an, zum Beispiel in Kilowattstunden pro Kilogramm (kWh\/kg).&nbsp;<\/p>\n<p>Beide Kennzahlen sind bei Speicherkraftwerken h\u00e4ufig nebens\u00e4chlich. Bei h\u00e4uslichen Batteriespeichern oder Gro\u00dfspeichern in urbanen R\u00e4umen k\u00f6nnen sie eine Rolle, wenn der Platz begrenzt ist und eventuell die Statik von Geb\u00e4uden zu ber\u00fccksichtigen ist.<\/p>\n<p>Absolut entscheidend ist die Energiedichte hingegen in der Elektromobilit\u00e4t. Die geringe gravimetrische Energiedichte verf\u00fcgbarer Akku-Technologien verhindert bisher, dass der Flugverkehr elektrifiziert werden kann.&nbsp;<\/p>\n<h2 id=\"t-1713097576434\">Leistungsdichte<\/h2>\n<p>Analog zur Energiedichte kann auch die Leistungsdichte von Batteriespeichern relevant sein. Sie kann entsprechend in Kilowatt pro Liter (kW\/L) beziehungsweise Kilowatt pro Kilogramm (kW\/kg) angegeben werden.<\/p>\n<h2 id=\"t-1724397785978\" style=\"\" data-hide=\"true\">Das ABC des Stromhandels<\/h2>\n<p>   <a href=\"https:\/\/flex-power.energy\/de\/school-of-flex\/arbitrage\/\" style=\"\"> <span style=\"\"><span style=\"\">Arbitrage<\/span><\/span> <\/a>  <a href=\"\/de\/school-of-flex\/peak-off-peak-base-strompreis\/\" style=\"\"> <span style=\"\"><span style=\"\">Base-Preis, Peak-Preis &amp; Off-Peak-Preis<\/span><\/span> <\/a>  <a href=\"https:\/\/flex-power.energy\/de\/school-of-flex\/batteriespeicher\/\" style=\"\"> <span style=\"\"><span style=\"\">Batteriespeicher<\/span><\/span> <\/a>  <a href=\"https:\/\/flex-power.energy\/de\/school-of-flex\/energie-strom-beschaffung\/\" style=\"\"> <span style=\"\"><span style=\"\">Energiebeschaffung<\/span><\/span> <\/a>  <a href=\"https:\/\/flex-power.energy\/de\/school-of-flex\/batteriespeicher-energiemarkt\/\" style=\"\"> <span style=\"\"><span style=\"\">Energiem\u00e4rkte f\u00fcr Batteriespeicher<\/span><\/span> <\/a>  <a href=\"https:\/\/flex-power.energy\/de\/school-of-flex\/flex-trading\/\" style=\"\" target=\"_blank\"> <span style=\"\"><span style=\"\">Flex-Trading auf Spotm\u00e4rkten<\/span><\/span> <\/a>  <a href=\"https:\/\/flex-power.energy\/de\/school-of-flex\/grenzkosten\/\" style=\"\"> <span style=\"\"><span style=\"\">Grenzkosten der Stromerzeugung und Merit Order<\/span><\/span> <\/a>  <a href=\"https:\/\/flex-power.energy\/de\/school-of-flex\/hedging\/\" style=\"\"> <span style=\"\"><span style=\"\">Hedging<\/span><\/span> <\/a>  <a href=\"https:\/\/flex-power.energy\/de\/school-of-flex\/industriestrompreis\/\" style=\"\" target=\"_blank\"> <span style=\"\"><span style=\"\">Industriestrompreis<\/span><\/span> <\/a>  <a href=\"https:\/\/flex-power.energy\/de\/school-of-flex\/batteriespeicher-funktionen-komponenten\/\" style=\"\"> <span style=\"\"><span style=\"\">Komponenten von Batteriespeichern und ihre Funktionen&nbsp;<\/span><\/span> <\/a>  <a href=\"https:\/\/flex-power.energy\/de\/school-of-flex\/liquid-ppa\/\" style=\"\"> <span style=\"\"><span style=\"\">Liquid PPA<\/span><\/span> <\/a>  <a href=\"https:\/\/flex-power.energy\/de\/school-of-flex\/marginal-uniform-pricing\/\" style=\"\" target=\"_blank\"> <span style=\"\"><span style=\"\">Marginal Pricing<\/span><\/span> <\/a>  <a href=\"https:\/\/flex-power.energy\/de\/school-of-flex\/marktwert-erneuerbare-energien\/\" style=\"\"> <span style=\"\"><span style=\"\">Marktwert von Erneuerbaren Energien<\/span><\/span> <\/a>  <a href=\"https:\/\/flex-power.energy\/de\/school-of-flex\/merchant-ppa\/\" style=\"\"> <span style=\"\"><span style=\"\">Merchant PPA<\/span><\/span> <\/a>  <a href=\"https:\/\/flex-power.energy\/de\/school-of-flex\/peak-off-peak-base-strompreis\/\" style=\"\"> <span style=\"\"><span style=\"\">Off-Peak-Preis<\/span><\/span> <\/a>  <a href=\"https:\/\/flex-power.energy\/de\/school-of-flex\/onsite-offsite-ppa\/\" style=\"\"> <span style=\"\"><span style=\"\">On- &amp; Offsite-PPA<\/span><\/span> <\/a>  <a href=\"https:\/\/flex-power.energy\/de\/school-of-flex\/pay-as-clear-bid\/\" style=\"\"> <span style=\"\"><span style=\"\">Pay-as-Clear vs. Pay-as-Bid<\/span><\/span> <\/a>  <a href=\"https:\/\/flex-power.energy\/de\/school-of-flex\/peak-off-peak-base-strompreis\/\" style=\"\" target=\"_blank\"> <span style=\"\"><span style=\"\">Peak-Price<\/span><\/span> <\/a>  <a href=\"https:\/\/flex-power.energy\/de\/school-of-flex\/physisches-virtuelles-ppa\/\" style=\"\"> <span style=\"\"><span style=\"\">Physisches PPA<\/span><\/span> <\/a>  <a href=\"https:\/\/flex-power.energy\/de\/school-of-flex\/power-purchase-agreement-ppa\/\" style=\"\"> <span style=\"\"><span style=\"\">Power Purchase Agreement (PPA)<\/span><\/span> <\/a>  <a href=\"https:\/\/flex-power.energy\/de\/school-of-flex\/regelenergie\/\" style=\"\"> <span style=\"\"><span style=\"\">Regelenergie, Regelleistung &amp; Regelarbeit<\/span><\/span> <\/a>  <a href=\"https:\/\/flex-power.energy\/de\/school-of-flex\/remit\/\" style=\"\"> <span style=\"\"><span style=\"\">REMIT<\/span><\/span> <\/a>  <a href=\"https:\/\/flex-power.energy\/de\/school-of-flex\/strompreisbildung\/\" style=\"\"> <span style=\"\"><span style=\"\">Strompreisbildung in Deutschland<\/span><\/span> <\/a>  <a href=\"https:\/\/flex-power.energy\/de\/school-of-flex\/technische-kennzahlen-batteriespeicher\/\" style=\"\"> <span style=\"\"><span style=\"\">Technische Kennzahlen von Batteriespeichern<\/span><\/span> <\/a>  <a href=\"https:\/\/flex-power.energy\/de\/school-of-flex\/marginal-uniform-pricing\/\" style=\"\"> <span style=\"\"><span style=\"\">Uniform Pricing, Pay-as-Clear, Marginal Pricing<\/span><\/span> <\/a>  <a href=\"https:\/\/flex-power.energy\/de\/school-of-flex\/value-stacking\/\" style=\"\"> <span style=\"\"><span style=\"\">Value Stacking<\/span><\/span> <\/a>  <a href=\"https:\/\/flex-power.energy\/de\/school-of-flex\/physisches-virtuelles-ppa\/\" style=\"\"> <span style=\"\"><span style=\"\">Virtuelles PPA<\/span><\/span> <\/a>    <\/p>\n<h2 style=\"\" id=\"t-1723707419955\" data-hide=\"true\">Was wird gr\u00f6\u00dfer, wenn man es teilt?<\/h2>\n<p id=\"t-1681828628407\" style=\"text-align: left; color: var(--tcb-color-16) !important; --tcb-applied-color:var$(--tcb-color-16) !important;\"><span style=\"--tcb-applied-color:var$(--tcb-color-16) !important;\"><span style=\"--tcb-applied-color:var$(--tcb-color-16) !important;\"><span data-contrast=\"auto\" lang=\"EN-US\" style=\"--tcb-applied-color:var$(--tcb-color-16) !important;\"><span data-contrast=\"auto\" lang=\"EN-US\" style=\"--tcb-applied-color:var$(--tcb-color-16) !important;\">Die Umstellung auf 100 % erneuerbare Energien ist eine Generationenaufgabe, die Innovation und Wissen in einem noch nie dagewesenen Umfang erfordert. Wir werden schneller zu 100 % erneuerbaren Energien gelangen, wenn wir als Generation so viele Informationen wie m\u00f6glich miteinander teilen. Das ist es, was wir mit unserer School of Flex anstreben.<\/span><\/span><\/span><\/span><\/p>\n<h3 id=\"t-1680033444095\" style=\"text-align: left;\" data-hide=\"true\"><span style=\"font-weight: normal;\">Flex Index<\/span><\/h3>\n<p style=\"text-align: left; color: var(--tcb-color-4) !important; --tcb-applied-color:var$(--tcb-color-4) !important;\">&#8222;Wie viel Geld kann ich mit einer Batterie verdienen?&#8220; Das werden wir h\u00e4ufig gefragt. Um die Frage zu beantworten, haben wir den Flex Index entwickelt. Er zeigt transparent den monet\u00e4ren Wert der Flexibilit\u00e4t auf dem deutschen Strommarkt an.<\/p>\n<p>__CONFIG_colors_palette__{&#8222;active_palette&#8220;:0,&#8220;config&#8220;:{&#8222;colors&#8220;:{&#8222;77416&#8220;:{&#8222;name&#8220;:&#8220;Main Accent&#8220;,&#8220;parent&#8220;:-1},&#8220;3c48b&#8220;:{&#8222;name&#8220;:&#8220;Accent Dark&#8220;,&#8220;parent&#8220;:&#8220;77416&#8243;,&#8220;lock&#8220;:{&#8222;saturation&#8220;:1}}},&#8220;gradients&#8220;:[]},&#8220;palettes&#8220;:[{&#8222;name&#8220;:&#8220;Default&#8220;,&#8220;value&#8220;:{&#8222;colors&#8220;:{&#8222;77416&#8220;:{&#8222;val&#8220;:&#8220;var(&#8211;tcb-color-1)&#8220;,&#8220;hsl&#8220;:{&#8222;h&#8220;:0,&#8220;s&#8220;:0.01,&#8220;l&#8220;:0.99,&#8220;a&#8220;:1}},&#8220;3c48b&#8220;:{&#8222;val&#8220;:&#8220;rgb(182, 129, 132)&#8220;,&#8220;hsl_parent_dependency&#8220;:{&#8222;h&#8220;:356,&#8220;l&#8220;:0.61,&#8220;s&#8220;:0.27}}},&#8220;gradients&#8220;:[]},&#8220;original&#8220;:{&#8222;colors&#8220;:{&#8222;77416&#8220;:{&#8222;val&#8220;:&#8220;rgb(19, 114, 211)&#8220;,&#8220;hsl&#8220;:{&#8222;h&#8220;:210,&#8220;s&#8220;:0.83,&#8220;l&#8220;:0.45,&#8220;a&#8220;:1}},&#8220;3c48b&#8220;:{&#8222;val&#8220;:&#8220;rgb(12, 17, 21)&#8220;,&#8220;hsl_parent_dependency&#8220;:{&#8222;h&#8220;:206,&#8220;s&#8220;:0.27,&#8220;l&#8220;:0.06,&#8220;a&#8220;:1}}},&#8220;gradients&#8220;:[]}}]}__CONFIG_colors_palette__ <a href=\"https:\/\/flex-power.energy\/de\/flex-index\/\"><span style=\"\">  <\/span> <span style=\"\"><span style=\"\" data-tcb_hover_state_parent=\"\">Mehr erfahren<\/span><\/span> <\/a>    <\/p>\n<h3 id=\"t-1723707419956\" style=\"\" data-hide=\"true\"><span style=\"font-weight: normal;\">Videos &amp; Podcasts<\/span><\/h3>\n<p style=\"text-align: left; color: var(--tcb-color-4) !important; --tcb-applied-color:var$(--tcb-color-4) !important;\">Nichts geht \u00fcber Expertenwissen aus erster Hand. H\u00f6ren Sie rein, was unsere Stromh\u00e4ndler und Ingenieure zu berichten haben \u2013 \u00fcber ihren Job, das Marktumfeld und die Dinge, an denen wir gerade arbeiten.<\/p>\n<p>__CONFIG_colors_palette__{&#8222;active_palette&#8220;:0,&#8220;config&#8220;:{&#8222;colors&#8220;:{&#8222;77416&#8220;:{&#8222;name&#8220;:&#8220;Main Accent&#8220;,&#8220;parent&#8220;:-1},&#8220;3c48b&#8220;:{&#8222;name&#8220;:&#8220;Accent Dark&#8220;,&#8220;parent&#8220;:&#8220;77416&#8243;,&#8220;lock&#8220;:{&#8222;saturation&#8220;:1}}},&#8220;gradients&#8220;:[]},&#8220;palettes&#8220;:[{&#8222;name&#8220;:&#8220;Default&#8220;,&#8220;value&#8220;:{&#8222;colors&#8220;:{&#8222;77416&#8220;:{&#8222;val&#8220;:&#8220;var(&#8211;tcb-color-1)&#8220;,&#8220;hsl&#8220;:{&#8222;h&#8220;:0,&#8220;s&#8220;:0.01,&#8220;l&#8220;:0.99,&#8220;a&#8220;:1}},&#8220;3c48b&#8220;:{&#8222;val&#8220;:&#8220;rgb(182, 129, 132)&#8220;,&#8220;hsl_parent_dependency&#8220;:{&#8222;h&#8220;:356,&#8220;l&#8220;:0.61,&#8220;s&#8220;:0.27}}},&#8220;gradients&#8220;:[]},&#8220;original&#8220;:{&#8222;colors&#8220;:{&#8222;77416&#8220;:{&#8222;val&#8220;:&#8220;rgb(19, 114, 211)&#8220;,&#8220;hsl&#8220;:{&#8222;h&#8220;:210,&#8220;s&#8220;:0.83,&#8220;l&#8220;:0.45,&#8220;a&#8220;:1}},&#8220;3c48b&#8220;:{&#8222;val&#8220;:&#8220;rgb(12, 17, 21)&#8220;,&#8220;hsl_parent_dependency&#8220;:{&#8222;h&#8220;:206,&#8220;s&#8220;:0.27,&#8220;l&#8220;:0.06,&#8220;a&#8220;:1}}},&#8220;gradients&#8220;:[]}}]}__CONFIG_colors_palette__ <a href=\"https:\/\/flex-power.energy\/de\/school-of-flex\/videos-podcasts\/\"><span style=\"\">  <\/span> <span style=\"\"><span style=\"\" data-tcb_hover_state_parent=\"\">Mehr erfahren<\/span><\/span> <\/a>    <\/p>\n<h3 id=\"t-1680033444093\" style=\"text-align: left;\" data-hide=\"true\"><span style=\"font-weight: normal;\">Flexikon<\/span><\/h3>\n<p style=\"text-align: left; color: var(--tcb-color-4) !important; --tcb-applied-color:var$(--tcb-color-4) !important;\">Alles, was Sie \u00fcber Flexibilit\u00e4t auf den Energiem\u00e4rkten wissen m\u00fcssen, an einem Ort? Geschrieben von Experten f\u00fcr Experten und Anf\u00e4nger gleicherma\u00dfen? Das ist es, was wir mit unserem Flexicon bezwecken.<\/p>\n<p>__CONFIG_colors_palette__{&#8222;active_palette&#8220;:0,&#8220;config&#8220;:{&#8222;colors&#8220;:{&#8222;77416&#8220;:{&#8222;name&#8220;:&#8220;Main Accent&#8220;,&#8220;parent&#8220;:-1},&#8220;3c48b&#8220;:{&#8222;name&#8220;:&#8220;Accent Dark&#8220;,&#8220;parent&#8220;:&#8220;77416&#8243;,&#8220;lock&#8220;:{&#8222;saturation&#8220;:1}}},&#8220;gradients&#8220;:[]},&#8220;palettes&#8220;:[{&#8222;name&#8220;:&#8220;Default&#8220;,&#8220;value&#8220;:{&#8222;colors&#8220;:{&#8222;77416&#8220;:{&#8222;val&#8220;:&#8220;var(&#8211;tcb-color-1)&#8220;,&#8220;hsl&#8220;:{&#8222;h&#8220;:0,&#8220;s&#8220;:0.01,&#8220;l&#8220;:0.99,&#8220;a&#8220;:1}},&#8220;3c48b&#8220;:{&#8222;val&#8220;:&#8220;rgb(182, 129, 132)&#8220;,&#8220;hsl_parent_dependency&#8220;:{&#8222;h&#8220;:356,&#8220;l&#8220;:0.61,&#8220;s&#8220;:0.27}}},&#8220;gradients&#8220;:[]},&#8220;original&#8220;:{&#8222;colors&#8220;:{&#8222;77416&#8220;:{&#8222;val&#8220;:&#8220;rgb(19, 114, 211)&#8220;,&#8220;hsl&#8220;:{&#8222;h&#8220;:210,&#8220;s&#8220;:0.83,&#8220;l&#8220;:0.45,&#8220;a&#8220;:1}},&#8220;3c48b&#8220;:{&#8222;val&#8220;:&#8220;rgb(12, 17, 21)&#8220;,&#8220;hsl_parent_dependency&#8220;:{&#8222;h&#8220;:206,&#8220;s&#8220;:0.27,&#8220;l&#8220;:0.06,&#8220;a&#8220;:1}}},&#8220;gradients&#8220;:[]}}]}__CONFIG_colors_palette__ <a href=\"https:\/\/flex-power.energy\/de\/school-of-flex\/\"><span style=\"\">  <\/span> <span style=\"\"><span style=\"\" data-tcb_hover_state_parent=\"\">Weitere Artikel entdecken<\/span><\/span> <\/a>    <\/p>\n<h3 style=\"text-align: left;\" id=\"t-1723707419957\" data-hide=\"true\"><span style=\"font-weight: normal;\">Entdecken Sie unsere Leistungen<\/span><\/h3>\n<p style=\"text-align: left; color: var(--tcb-color-4) !important; --tcb-applied-color:var$(--tcb-color-4) !important;\">FLEXPOWER hilft Ihnen, Ihre Assets an den Energiemarkt zu bringen. Unser Team von Spot-Markt-Tradern vereint mehr als 25 Jahre Erfahrung mit dem Handel von Strom aus Erneuerbaren Energien. Mit unserem schlanken und voll digitalisierten Ansatz verwalten wir gro\u00dfe Erneuerbaren-Portfolios sowie flexible Erzeugungs- und Speicheranlagen.<\/p>\n<p>__CONFIG_colors_palette__{&#8222;active_palette&#8220;:0,&#8220;config&#8220;:{&#8222;colors&#8220;:{&#8222;77416&#8220;:{&#8222;name&#8220;:&#8220;Main Accent&#8220;,&#8220;parent&#8220;:-1},&#8220;3c48b&#8220;:{&#8222;name&#8220;:&#8220;Accent Dark&#8220;,&#8220;parent&#8220;:&#8220;77416&#8243;,&#8220;lock&#8220;:{&#8222;saturation&#8220;:1}}},&#8220;gradients&#8220;:[]},&#8220;palettes&#8220;:[{&#8222;name&#8220;:&#8220;Default&#8220;,&#8220;value&#8220;:{&#8222;colors&#8220;:{&#8222;77416&#8220;:{&#8222;val&#8220;:&#8220;var(&#8211;tcb-color-1)&#8220;,&#8220;hsl&#8220;:{&#8222;h&#8220;:0,&#8220;s&#8220;:0.01,&#8220;l&#8220;:0.99,&#8220;a&#8220;:1}},&#8220;3c48b&#8220;:{&#8222;val&#8220;:&#8220;rgb(182, 129, 132)&#8220;,&#8220;hsl_parent_dependency&#8220;:{&#8222;h&#8220;:356,&#8220;l&#8220;:0.61,&#8220;s&#8220;:0.27}}},&#8220;gradients&#8220;:[]},&#8220;original&#8220;:{&#8222;colors&#8220;:{&#8222;77416&#8220;:{&#8222;val&#8220;:&#8220;rgb(19, 114, 211)&#8220;,&#8220;hsl&#8220;:{&#8222;h&#8220;:210,&#8220;s&#8220;:0.83,&#8220;l&#8220;:0.45,&#8220;a&#8220;:1}},&#8220;3c48b&#8220;:{&#8222;val&#8220;:&#8220;rgb(12, 17, 21)&#8220;,&#8220;hsl_parent_dependency&#8220;:{&#8222;h&#8220;:206,&#8220;s&#8220;:0.27,&#8220;l&#8220;:0.06,&#8220;a&#8220;:1}}},&#8220;gradients&#8220;:[]}}]}__CONFIG_colors_palette__ <a href=\"https:\/\/flex-power.energy\/de\/services-2\/\"><span style=\"\">  <\/span> <span style=\"\"><span style=\"\" data-tcb_hover_state_parent=\"\">Mehr erfahren<\/span><\/span> <\/a>   __CONFIG_group_edit__{}__CONFIG_group_edit____CONFIG_local_colors__{&#8222;colors&#8220;:{},&#8220;gradients&#8220;:{}}__CONFIG_local_colors__<\/p>\n","protected":false},"excerpt":{"rendered":"<p>Welche Kennzahlen gibt es f\u00fcr Batteriespeicher? Kapazit\u00e4t und Leistung beschreiben die Gr\u00f6\u00dfenordnung eines Batteriespeichers. Doch es gibt noch eine Reihe weiterer Eigenschaften, die wichtig sind, um die Vermarktbarkeit und das Renditepotenzial von Batteriespeichern zu kalkulieren. Dies sind die wichtigsten Kennzahlen. Definition Kennzahlen von Batteriespeichern liefern wichtige Informationen \u00fcber die technischen Eigenschaften der Stromspeicher. Sie machen [&hellip;]<\/p>\n","protected":false},"author":21,"featured_media":0,"parent":6961,"menu_order":0,"comment_status":"closed","ping_status":"closed","template":"","meta":{"footnotes":""},"class_list":["post-7209","page","type-page","status-publish","hentry","post-wrapper","thrv_wrapper"],"aioseo_notices":[],"_links":{"self":[{"href":"https:\/\/flex-power.energy\/de\/wp-json\/wp\/v2\/pages\/7209","targetHints":{"allow":["GET"]}}],"collection":[{"href":"https:\/\/flex-power.energy\/de\/wp-json\/wp\/v2\/pages"}],"about":[{"href":"https:\/\/flex-power.energy\/de\/wp-json\/wp\/v2\/types\/page"}],"author":[{"embeddable":true,"href":"https:\/\/flex-power.energy\/de\/wp-json\/wp\/v2\/users\/21"}],"replies":[{"embeddable":true,"href":"https:\/\/flex-power.energy\/de\/wp-json\/wp\/v2\/comments?post=7209"}],"version-history":[{"count":2,"href":"https:\/\/flex-power.energy\/de\/wp-json\/wp\/v2\/pages\/7209\/revisions"}],"predecessor-version":[{"id":14618,"href":"https:\/\/flex-power.energy\/de\/wp-json\/wp\/v2\/pages\/7209\/revisions\/14618"}],"up":[{"embeddable":true,"href":"https:\/\/flex-power.energy\/de\/wp-json\/wp\/v2\/pages\/6961"}],"wp:attachment":[{"href":"https:\/\/flex-power.energy\/de\/wp-json\/wp\/v2\/media?parent=7209"}],"curies":[{"name":"wp","href":"https:\/\/api.w.org\/{rel}","templated":true}]}}